{"id":14814,"date":"2023-10-03T12:03:41","date_gmt":"2023-10-03T11:03:41","guid":{"rendered":"https:\/\/admit-one.co.uk\/?page_id=14814"},"modified":"2024-02-22T16:30:26","modified_gmt":"2024-02-22T16:30:26","slug":"solutions","status":"publish","type":"page","link":"https:\/\/admit-one.us\/sv\/losningar\/","title":{"rendered":"L\u00f6sningar"},"content":{"rendered":"<div id=\"wp-block-themeisle-blocks-advanced-columns-f3534b6f\" class=\"wp-block-themeisle-blocks-advanced-columns alignfull has-1-columns has-desktop-twoOne-layout has-tablet-equal-layout has-mobile-collapsedRows-layout has-reverse-columns-mobile has-vertical-unset has-vertical-undefined\"><div class=\"wp-block-themeisle-blocks-advanced-columns-overlay\"><\/div><div class=\"innerblocks-wrap\">\n<div id=\"wp-block-themeisle-blocks-advanced-column-49529f4b\" class=\"wp-block-themeisle-blocks-advanced-column\" data-aos=\"fade\" data-aos-duration=\"1200\">\n<h1 class=\"has-text-align-center\">L\u00f6sningar<\/h1>\n\n\n\n<h3 class=\"has-text-align-center\">Leverera en helt\u00e4ckande l\u00f6sning f\u00f6r bio- och platshantering.<\/h3>\n\n\n\n<p class=\"has-text-align-center\">Oavsett din inst\u00e4llning har vi t\u00e4nkt p\u00e5 allt. En s\u00f6ml\u00f6s upplevelse f\u00f6r dig, din personal och dina kunder.<\/p>\n<\/div>\n<\/div><div class=\"wp-block-themeisle-blocks-advanced-columns-separators bottom\"><svg id=\"slant\" fill=\"var(--nv-light-bg)\" viewbox=\"0 0 100 100\" width=\"100%\" height=\"100\" preserveaspectratio=\"none\" xmlns=\"http:\/\/www.w3.org\/2000\/svg\" class=\"rotate\"><path d=\"M0 0 L0 100 L100 0 Z\"><\/path><\/svg><\/div><\/div>\n\n\n\n<div class=\"is-layout-constrained wp-block-group alignfull panels-overlay\"><div class=\"wp-block-group__inner-container\">\n<section id=\"wp-block-themeisle-blocks-advanced-columns-652f49fc\" class=\"wp-block-themeisle-blocks-advanced-columns alignfull has-1-columns has-desktop-equal-layout has-tablet-equal-layout has-mobile-collapsedRows-layout has-vertical-center\"><div class=\"wp-block-themeisle-blocks-advanced-columns-overlay\"><\/div><div class=\"innerblocks-wrap\">\n<div id=\"wp-block-themeisle-blocks-advanced-column-251adaeb\" class=\"wp-block-themeisle-blocks-advanced-column\" data-aos=\"fade-up\" data-aos-duration=\"1200\">\n<div class=\"is-layout-flex wp-container-4 wp-block-columns are-vertically-aligned-center\">\n<div class=\"is-layout-flow wp-block-column is-vertically-aligned-center\" style=\"flex-basis:66.66%\">\n<h4 class=\"has-text-align-left\">Lobby<\/h4>\n\n\n\n<p>Leverera den ultimata kundupplevelsen med din egen automatiserade lobby. Enkel sj\u00e4lvbetj\u00e4ning f\u00f6r kunder och intuitiva operativa verktyg f\u00f6r personalen, Admit One ger dig full flexibilitet \u00f6ver lokalens layout och kundhantering.<\/p>\n\n\n\n<div class=\"is-content-justification-left is-layout-flex wp-container-1 wp-block-buttons\">\n<div class=\"wp-block-button is-style-primary\"><a class=\"wp-block-button__link wp-element-button\" href=\"https:\/\/admit-one.co.uk\/solutions\/lobby\/\">L\u00e4s mer<\/a><\/div>\n<\/div>\n<\/div>\n\n\n\n<div class=\"is-layout-flow wp-block-column is-vertically-aligned-center\" style=\"flex-basis:33.33%\"><div class=\"wp-block-image\">\n<figure class=\"alignright size-full\"><img decoding=\"async\" loading=\"lazy\" width=\"400\" height=\"400\" src=\"https:\/\/admit-one.co.uk\/wp-content\/uploads\/2023\/01\/image_lobby_result-1.webp\" alt=\"Lobby\" class=\"wp-image-12262\" srcset=\"https:\/\/admit-one.us\/wp-content\/uploads\/2023\/01\/image_lobby_result-1.webp 400w, https:\/\/admit-one.us\/wp-content\/uploads\/2023\/01\/image_lobby_result-1-300x300.webp 300w, https:\/\/admit-one.us\/wp-content\/uploads\/2023\/01\/image_lobby_result-1-150x150.webp 150w, https:\/\/admit-one.us\/wp-content\/uploads\/2023\/01\/image_lobby_result-1-12x12.webp 12w\" sizes=\"(max-width: 400px) 100vw, 400px\" \/><\/figure><\/div><\/div>\n<\/div>\n<\/div>\n<\/div><\/section>\n\n\n\n<section id=\"wp-block-themeisle-blocks-advanced-columns-068b2cbf\" class=\"wp-block-themeisle-blocks-advanced-columns alignfull has-1-columns has-desktop-equal-layout has-tablet-equal-layout has-mobile-collapsedRows-layout has-vertical-center\"><div class=\"wp-block-themeisle-blocks-advanced-columns-overlay\"><\/div><div class=\"innerblocks-wrap\">\n<div id=\"wp-block-themeisle-blocks-advanced-column-184587c7\" class=\"wp-block-themeisle-blocks-advanced-column\" data-aos=\"fade-up\" data-aos-duration=\"1200\">\n<div class=\"is-layout-flex wp-container-8 wp-block-columns are-vertically-aligned-center\">\n<div class=\"is-layout-flow wp-block-column is-vertically-aligned-center\" style=\"flex-basis:66.66%\">\n<h4 class=\"has-text-align-left\">F &amp; B<\/h4>\n\n\n\n<p>V\u00e5ra funktionsrika helt integrerade mat- och dryckssystem \u00e4r designade f\u00f6r att ge dig fullst\u00e4ndig kontroll, samtidigt som de skapar en str\u00f6mlinjeformad upplevelse f\u00f6r din personal och levererar exceptionell service till dina kunder.<\/p>\n\n\n\n<div class=\"is-content-justification-left is-layout-flex wp-container-5 wp-block-buttons\">\n<div class=\"wp-block-button is-style-primary\"><a class=\"wp-block-button__link wp-element-button\" href=\"https:\/\/admit-one.co.uk\/solutions\/food-and-beverage\/\">L\u00e4s mer<\/a><\/div>\n<\/div>\n<\/div>\n\n\n\n<div class=\"is-layout-flow wp-block-column is-vertically-aligned-center\" style=\"flex-basis:33.33%\"><div class=\"wp-block-image\">\n<figure class=\"alignright size-full\"><img decoding=\"async\" loading=\"lazy\" width=\"400\" height=\"400\" src=\"https:\/\/admit-one.co.uk\/wp-content\/uploads\/2023\/01\/image_f-and-b_result.webp\" alt=\"F &amp; B\" class=\"wp-image-12260\" srcset=\"https:\/\/admit-one.us\/wp-content\/uploads\/2023\/01\/image_f-and-b_result.webp 400w, https:\/\/admit-one.us\/wp-content\/uploads\/2023\/01\/image_f-and-b_result-300x300.webp 300w, https:\/\/admit-one.us\/wp-content\/uploads\/2023\/01\/image_f-and-b_result-150x150.webp 150w, https:\/\/admit-one.us\/wp-content\/uploads\/2023\/01\/image_f-and-b_result-12x12.webp 12w\" sizes=\"(max-width: 400px) 100vw, 400px\" \/><\/figure><\/div><\/div>\n<\/div>\n<\/div>\n<\/div><\/section>\n\n\n\n<section id=\"wp-block-themeisle-blocks-advanced-columns-ae98e288\" class=\"wp-block-themeisle-blocks-advanced-columns alignfull has-1-columns has-desktop-equal-layout has-tablet-equal-layout has-mobile-collapsedRows-layout has-vertical-center\"><div class=\"wp-block-themeisle-blocks-advanced-columns-overlay\"><\/div><div class=\"innerblocks-wrap\">\n<div id=\"wp-block-themeisle-blocks-advanced-column-c3813963\" class=\"wp-block-themeisle-blocks-advanced-column\" data-aos=\"fade-up\" data-aos-duration=\"1200\">\n<div class=\"is-layout-flex wp-container-12 wp-block-columns are-vertically-aligned-center\">\n<div class=\"is-layout-flow wp-block-column is-vertically-aligned-center\" style=\"flex-basis:66.66%\">\n<h4 class=\"has-text-align-left\">Digital f\u00f6rs\u00e4ljning<\/h4>\n\n\n\n<p>Allt du beh\u00f6ver f\u00f6r att s\u00e4kerst\u00e4lla att dina kunder enkelt kan surfa och k\u00f6pa biljetter och extramaterial, n\u00e4r de vill och \u00f6ver alla digitala kanaler. Admit One l\u00e5ter dig maximera f\u00f6rhandsf\u00f6rs\u00e4ljning utanf\u00f6r lokalen samtidigt som du levererar en konsekvent och s\u00f6ml\u00f6s upplevelse genom alla ink\u00f6psv\u00e4gar. &nbsp;<\/p>\n\n\n\n<div class=\"is-content-justification-left is-layout-flex wp-container-9 wp-block-buttons\">\n<div class=\"wp-block-button is-style-primary\"><a class=\"wp-block-button__link wp-element-button\" href=\"https:\/\/admit-one.co.uk\/solutions\/digital-sales\/\">L\u00e4s mer<\/a><\/div>\n<\/div>\n<\/div>\n\n\n\n<div class=\"is-layout-flow wp-block-column is-vertically-aligned-center\" style=\"flex-basis:33.33%\"><div class=\"wp-block-image\">\n<figure class=\"alignright size-full\"><img decoding=\"async\" loading=\"lazy\" width=\"400\" height=\"400\" src=\"https:\/\/admit-one.co.uk\/wp-content\/uploads\/2023\/01\/image_advanced-sales_result-1.webp\" alt=\"Digital f\u00f6rs\u00e4ljning\" class=\"wp-image-12259\" srcset=\"https:\/\/admit-one.us\/wp-content\/uploads\/2023\/01\/image_advanced-sales_result-1.webp 400w, https:\/\/admit-one.us\/wp-content\/uploads\/2023\/01\/image_advanced-sales_result-1-300x300.webp 300w, https:\/\/admit-one.us\/wp-content\/uploads\/2023\/01\/image_advanced-sales_result-1-150x150.webp 150w, https:\/\/admit-one.us\/wp-content\/uploads\/2023\/01\/image_advanced-sales_result-1-12x12.webp 12w\" sizes=\"(max-width: 400px) 100vw, 400px\" \/><\/figure><\/div><\/div>\n<\/div>\n<\/div>\n<\/div><\/section>\n\n\n\n<section id=\"wp-block-themeisle-blocks-advanced-columns-67688d0d\" class=\"wp-block-themeisle-blocks-advanced-columns alignfull has-1-columns has-desktop-equal-layout has-tablet-equal-layout has-mobile-collapsedRows-layout has-vertical-center\"><div class=\"wp-block-themeisle-blocks-advanced-columns-overlay\"><\/div><div class=\"innerblocks-wrap\">\n<div id=\"wp-block-themeisle-blocks-advanced-column-b50fd76d\" class=\"wp-block-themeisle-blocks-advanced-column\" data-aos=\"fade-up\" data-aos-duration=\"1200\">\n<div class=\"is-layout-flex wp-container-16 wp-block-columns are-vertically-aligned-center\">\n<div class=\"is-layout-flow wp-block-column is-vertically-aligned-center\" style=\"flex-basis:66.66%\">\n<h4 class=\"has-text-align-left\">Back Office<\/h4>\n\n\n\n<p>Ditt centrala hanteringssystem som l\u00e5ter dig st\u00e4lla in och se alla dina webbplatser i en l\u00e4ttanv\u00e4nd applikation. Schemal\u00e4gg framtr\u00e4danden, hantera lager, k\u00f6r rapporter, st\u00e4ll in biljetter, hantera medlemsprogram, presentkort, kuponger och mycket mer... samtidigt som du kommunicerar utan anstr\u00e4ngning med dina anst\u00e4llda.&nbsp;<\/p>\n\n\n\n<div class=\"is-content-justification-left is-layout-flex wp-container-13 wp-block-buttons\">\n<div class=\"wp-block-button is-style-primary\"><a class=\"wp-block-button__link wp-element-button\" href=\"https:\/\/admit-one.co.uk\/solutions\/back-office\/\">L\u00e4s mer<\/a><\/div>\n<\/div>\n<\/div>\n\n\n\n<div class=\"is-layout-flow wp-block-column is-vertically-aligned-center\" style=\"flex-basis:33.33%\"><div class=\"wp-block-image\">\n<figure class=\"alignright size-full\"><img decoding=\"async\" loading=\"lazy\" width=\"400\" height=\"400\" src=\"https:\/\/admit-one.co.uk\/wp-content\/uploads\/2023\/01\/image_local-and-ho_result.webp\" alt=\"Back Office\" class=\"wp-image-12263\" srcset=\"https:\/\/admit-one.us\/wp-content\/uploads\/2023\/01\/image_local-and-ho_result.webp 400w, https:\/\/admit-one.us\/wp-content\/uploads\/2023\/01\/image_local-and-ho_result-300x300.webp 300w, https:\/\/admit-one.us\/wp-content\/uploads\/2023\/01\/image_local-and-ho_result-150x150.webp 150w, https:\/\/admit-one.us\/wp-content\/uploads\/2023\/01\/image_local-and-ho_result-12x12.webp 12w\" sizes=\"(max-width: 400px) 100vw, 400px\" \/><\/figure><\/div><\/div>\n<\/div>\n<\/div>\n<\/div><\/section>\n\n\n\n<section id=\"wp-block-themeisle-blocks-advanced-columns-b6d42189\" class=\"wp-block-themeisle-blocks-advanced-columns alignfull has-1-columns has-desktop-equal-layout has-tablet-equal-layout has-mobile-collapsedRows-layout has-vertical-center\"><div class=\"wp-block-themeisle-blocks-advanced-columns-overlay\"><\/div><div class=\"innerblocks-wrap\">\n<div id=\"wp-block-themeisle-blocks-advanced-column-a4456cd7\" class=\"wp-block-themeisle-blocks-advanced-column\" data-aos=\"fade-up\" data-aos-duration=\"1200\">\n<div class=\"is-layout-flex wp-container-20 wp-block-columns are-vertically-aligned-center\">\n<div class=\"is-layout-flow wp-block-column is-vertically-aligned-center\" style=\"flex-basis:66.66%\">\n<h4 class=\"has-text-align-left\">G\u00e4stupplevelse<\/h4>\n\n\n\n<p>Se till att dina kunder kommer tillbaka med anpassningsbara bel\u00f6ningsprogram och personliga incitament, utformade f\u00f6r att v\u00e4xa ditt f\u00f6retag och gl\u00e4dja dina kunder.<\/p>\n\n\n\n<div class=\"is-content-justification-left is-layout-flex wp-container-17 wp-block-buttons\">\n<div class=\"wp-block-button is-style-primary\"><a class=\"wp-block-button__link wp-element-button\" href=\"https:\/\/admit-one.co.uk\/solutions\/guest-experience\/\">L\u00e4s mer<\/a><\/div>\n<\/div>\n<\/div>\n\n\n\n<div class=\"is-layout-flow wp-block-column is-vertically-aligned-center\" style=\"flex-basis:33.33%\"><div class=\"wp-block-image\">\n<figure class=\"alignright size-full\"><img decoding=\"async\" loading=\"lazy\" width=\"400\" height=\"400\" src=\"https:\/\/admit-one.co.uk\/wp-content\/uploads\/2023\/01\/image_guest-experience_result-1.webp\" alt=\"G\u00e4stupplevelse\" class=\"wp-image-12261\" srcset=\"https:\/\/admit-one.us\/wp-content\/uploads\/2023\/01\/image_guest-experience_result-1.webp 400w, https:\/\/admit-one.us\/wp-content\/uploads\/2023\/01\/image_guest-experience_result-1-300x300.webp 300w, https:\/\/admit-one.us\/wp-content\/uploads\/2023\/01\/image_guest-experience_result-1-150x150.webp 150w, https:\/\/admit-one.us\/wp-content\/uploads\/2023\/01\/image_guest-experience_result-1-12x12.webp 12w\" sizes=\"(max-width: 400px) 100vw, 400px\" \/><\/figure><\/div><\/div>\n<\/div>\n<\/div>\n<\/div><\/section>\n<\/div><\/div>\n\n\n\n<div id=\"wp-block-themeisle-blocks-advanced-columns-01c14de9\" class=\"wp-block-themeisle-blocks-advanced-columns alignfull has-2-columns has-desktop-equal-layout has-tablet-collapsedRows-layout has-mobile-collapsedRows-layout has-vertical-unset call-to-action has-dark-bg\" data-aos=\"fade\" data-aos-duration=\"1200\"><div class=\"wp-block-themeisle-blocks-advanced-columns-overlay\"><\/div><div class=\"innerblocks-wrap\">\n<div id=\"wp-block-themeisle-blocks-advanced-column-aed9b021\" class=\"wp-block-themeisle-blocks-advanced-column\">\n<h2 class=\"wp-block-heading has-nv-site-bg-color has-text-color\">\u00c4r du redo att b\u00f6rja med Admit One?<\/h2>\n\n\n\n<p class=\"has-nv-site-bg-color has-text-color\">L\u00e5t oss b\u00f6rja&nbsp;<i class=\"icon-forward\"><\/i><\/p>\n<\/div>\n\n\n\n<div id=\"wp-block-themeisle-blocks-advanced-column-01e8791e\" class=\"wp-block-themeisle-blocks-advanced-column column-right\">\n<h4 class=\"wp-block-heading has-neve-text-color-color has-text-color\">Hj\u00e4lp oss f\u00f6rst\u00e5 dina behov<\/h4>\n\n\n\n<p class=\"has-neve-text-color-color has-text-color\">Vi vet att alla f\u00f6retag \u00e4r olika. Oavsett dina unika krav, Admit One \u00e4r h\u00e4r f\u00f6r att erbjuda ett anpassat POS-system som fungerar f\u00f6r dig, varje steg p\u00e5 v\u00e4gen.<\/p>\n\n\n\n<ul class=\"a1_tick-list has-neve-text-color-color has-text-color\">\n<li>Flexibel<\/li>\n\n\n\n<li>Prisv\u00e4rd<\/li>\n\n\n\n<li>Skalbar<\/li>\n<\/ul>\n\n\n\n<div id=\"wp-block-themeisle-blocks-button-group-5e1b0e52\" class=\"wp-block-themeisle-blocks-button-group wp-block-buttons\">\n<div id=\"wp-block-themeisle-blocks-button-bdaccee1\" class=\"wp-block-themeisle-blocks-button wp-block-button is-style-primary\"><a href=\"https:\/\/admit-one.us\/sv\/komma-i-kontakt\/\" target=\"_self\" rel=\"noopener noreferrer\" class=\"wp-block-button__link\"><span>L\u00e5t oss prata<\/span><\/a><\/div>\n<\/div>\n<\/div>\n<\/div><\/div>","protected":false},"excerpt":{"rendered":"","protected":false},"author":1,"featured_media":0,"parent":0,"menu_order":0,"comment_status":"closed","ping_status":"closed","template":"","meta":{"om_disable_all_campaigns":false,"_uag_custom_page_level_css":"","_mi_skip_tracking":false,"neve_meta_sidebar":"","neve_meta_container":"","neve_meta_enable_content_width":"","neve_meta_content_width":0,"neve_meta_title_alignment":"center","neve_meta_author_avatar":"","neve_post_elements_order":"","neve_meta_disable_header":"","neve_meta_disable_footer":"","neve_meta_disable_title":"on","neve_meta_reading_time":"","_themeisle_gutenberg_block_has_review":false},"categories":[],"tags":[],"folder":[],"aioseo_notices":[],"uagb_featured_image_src":{"full":false,"thumbnail":false,"medium":false,"medium_large":false,"large":false,"1536x1536":false,"2048x2048":false,"trp-custom-language-flag":false,"neve-blog":false,"xl":false,"xxl":false,"xxxl":false,"xxxxl":false,"xxxxxl":false},"uagb_author_info":{"display_name":"James Gibson","author_link":"https:\/\/admit-one.us\/sv\/blog\/author\/james-gibson\/"},"uagb_comment_info":0,"uagb_excerpt":null,"_links":{"self":[{"href":"https:\/\/admit-one.us\/sv\/wp-json\/wp\/v2\/pages\/14814"}],"collection":[{"href":"https:\/\/admit-one.us\/sv\/wp-json\/wp\/v2\/pages"}],"about":[{"href":"https:\/\/admit-one.us\/sv\/wp-json\/wp\/v2\/types\/page"}],"author":[{"embeddable":true,"href":"https:\/\/admit-one.us\/sv\/wp-json\/wp\/v2\/users\/1"}],"replies":[{"embeddable":true,"href":"https:\/\/admit-one.us\/sv\/wp-json\/wp\/v2\/comments?post=14814"}],"version-history":[{"count":19,"href":"https:\/\/admit-one.us\/sv\/wp-json\/wp\/v2\/pages\/14814\/revisions"}],"predecessor-version":[{"id":15112,"href":"https:\/\/admit-one.us\/sv\/wp-json\/wp\/v2\/pages\/14814\/revisions\/15112"}],"wp:attachment":[{"href":"https:\/\/admit-one.us\/sv\/wp-json\/wp\/v2\/media?parent=14814"}],"wp:term":[{"taxonomy":"category","embeddable":true,"href":"https:\/\/admit-one.us\/sv\/wp-json\/wp\/v2\/categories?post=14814"},{"taxonomy":"post_tag","embeddable":true,"href":"https:\/\/admit-one.us\/sv\/wp-json\/wp\/v2\/tags?post=14814"},{"taxonomy":"folder","embeddable":true,"href":"https:\/\/admit-one.us\/sv\/wp-json\/wp\/v2\/folder?post=14814"}],"curies":[{"name":"wp","href":"https:\/\/api.w.org\/{rel}","templated":true}]}}