{"id":14814,"date":"2023-10-03T12:03:41","date_gmt":"2023-10-03T11:03:41","guid":{"rendered":"https:\/\/admit-one.co.uk\/?page_id=14814"},"modified":"2024-02-22T16:30:26","modified_gmt":"2024-02-22T16:30:26","slug":"solutions","status":"publish","type":"page","link":"https:\/\/admit-one.us\/fi\/ratkaisuja\/","title":{"rendered":"Ratkaisut"},"content":{"rendered":"<div id=\"wp-block-themeisle-blocks-advanced-columns-f3534b6f\" class=\"wp-block-themeisle-blocks-advanced-columns alignfull has-1-columns has-desktop-twoOne-layout has-tablet-equal-layout has-mobile-collapsedRows-layout has-reverse-columns-mobile has-vertical-unset has-vertical-undefined\"><div class=\"wp-block-themeisle-blocks-advanced-columns-overlay\"><\/div><div class=\"innerblocks-wrap\">\n<div id=\"wp-block-themeisle-blocks-advanced-column-49529f4b\" class=\"wp-block-themeisle-blocks-advanced-column\" data-aos=\"fade\" data-aos-duration=\"1200\">\n<h1 class=\"has-text-align-center\">Ratkaisut<\/h1>\n\n\n\n<h3 class=\"has-text-align-center\">Tarjoaa p\u00e4\u00e4st\u00e4 p\u00e4\u00e4h\u00e4n elokuvateatterin ja tapahtumapaikan hallintaratkaisun.<\/h3>\n\n\n\n<p class=\"has-text-align-center\">Asetuksistasi riippumatta olemme miettineet kaikkea. Saumaton kokemus sinulle, henkil\u00f6st\u00f6llesi ja asiakkaillesi.<\/p>\n<\/div>\n<\/div><div class=\"wp-block-themeisle-blocks-advanced-columns-separators bottom\"><svg id=\"slant\" fill=\"var(--nv-light-bg)\" viewbox=\"0 0 100 100\" width=\"100%\" height=\"100\" preserveaspectratio=\"none\" xmlns=\"http:\/\/www.w3.org\/2000\/svg\" class=\"rotate\"><path d=\"M0 0 L0 100 L100 0 Z\"><\/path><\/svg><\/div><\/div>\n\n\n\n<div class=\"is-layout-constrained wp-block-group alignfull panels-overlay\"><div class=\"wp-block-group__inner-container\">\n<section id=\"wp-block-themeisle-blocks-advanced-columns-652f49fc\" class=\"wp-block-themeisle-blocks-advanced-columns alignfull has-1-columns has-desktop-equal-layout has-tablet-equal-layout has-mobile-collapsedRows-layout has-vertical-center\"><div class=\"wp-block-themeisle-blocks-advanced-columns-overlay\"><\/div><div class=\"innerblocks-wrap\">\n<div id=\"wp-block-themeisle-blocks-advanced-column-251adaeb\" class=\"wp-block-themeisle-blocks-advanced-column\" data-aos=\"fade-up\" data-aos-duration=\"1200\">\n<div class=\"is-layout-flex wp-container-4 wp-block-columns are-vertically-aligned-center\">\n<div class=\"is-layout-flow wp-block-column is-vertically-aligned-center\" style=\"flex-basis:66.66%\">\n<h4 class=\"has-text-align-left\">Aula<\/h4>\n\n\n\n<p>Tarjoa lopullinen asiakaskokemus omalla automatisoidulla aulallasi. Helppo itsepalvelu asiakkaille ja intuitiiviset k\u00e4ytt\u00f6ty\u00f6kalut henkil\u00f6kunnalle, Admit One antaa sinulle t\u00e4yden joustavuuden paikan asettelussa ja asiakashallinnassa.<\/p>\n\n\n\n<div class=\"is-content-justification-left is-layout-flex wp-container-1 wp-block-buttons\">\n<div class=\"wp-block-button is-style-primary\"><a class=\"wp-block-button__link wp-element-button\" href=\"https:\/\/admit-one.co.uk\/solutions\/lobby\/\">Lis\u00e4tietoja<\/a><\/div>\n<\/div>\n<\/div>\n\n\n\n<div class=\"is-layout-flow wp-block-column is-vertically-aligned-center\" style=\"flex-basis:33.33%\"><div class=\"wp-block-image\">\n<figure class=\"alignright size-full\"><img decoding=\"async\" loading=\"lazy\" width=\"400\" height=\"400\" src=\"https:\/\/admit-one.co.uk\/wp-content\/uploads\/2023\/01\/image_lobby_result-1.webp\" alt=\"Aula\" class=\"wp-image-12262\" srcset=\"https:\/\/admit-one.us\/wp-content\/uploads\/2023\/01\/image_lobby_result-1.webp 400w, https:\/\/admit-one.us\/wp-content\/uploads\/2023\/01\/image_lobby_result-1-300x300.webp 300w, https:\/\/admit-one.us\/wp-content\/uploads\/2023\/01\/image_lobby_result-1-150x150.webp 150w, https:\/\/admit-one.us\/wp-content\/uploads\/2023\/01\/image_lobby_result-1-12x12.webp 12w\" sizes=\"(max-width: 400px) 100vw, 400px\" \/><\/figure><\/div><\/div>\n<\/div>\n<\/div>\n<\/div><\/section>\n\n\n\n<section id=\"wp-block-themeisle-blocks-advanced-columns-068b2cbf\" class=\"wp-block-themeisle-blocks-advanced-columns alignfull has-1-columns has-desktop-equal-layout has-tablet-equal-layout has-mobile-collapsedRows-layout has-vertical-center\"><div class=\"wp-block-themeisle-blocks-advanced-columns-overlay\"><\/div><div class=\"innerblocks-wrap\">\n<div id=\"wp-block-themeisle-blocks-advanced-column-184587c7\" class=\"wp-block-themeisle-blocks-advanced-column\" data-aos=\"fade-up\" data-aos-duration=\"1200\">\n<div class=\"is-layout-flex wp-container-8 wp-block-columns are-vertically-aligned-center\">\n<div class=\"is-layout-flow wp-block-column is-vertically-aligned-center\" style=\"flex-basis:66.66%\">\n<h4 class=\"has-text-align-left\">F &amp; B<\/h4>\n\n\n\n<p>Monipuoliset t\u00e4ysin integroidut ruoka- ja juomaj\u00e4rjestelm\u00e4mme on suunniteltu antamaan sinulle t\u00e4ydellinen hallinta, samalla kun luot henkil\u00f6st\u00f6llesi virtaviivaisen kokemuksen ja tarjoamme asiakkaillesi poikkeuksellista palvelua.<\/p>\n\n\n\n<div class=\"is-content-justification-left is-layout-flex wp-container-5 wp-block-buttons\">\n<div class=\"wp-block-button is-style-primary\"><a class=\"wp-block-button__link wp-element-button\" href=\"https:\/\/admit-one.co.uk\/solutions\/food-and-beverage\/\">Lis\u00e4tietoja<\/a><\/div>\n<\/div>\n<\/div>\n\n\n\n<div class=\"is-layout-flow wp-block-column is-vertically-aligned-center\" style=\"flex-basis:33.33%\"><div class=\"wp-block-image\">\n<figure class=\"alignright size-full\"><img decoding=\"async\" loading=\"lazy\" width=\"400\" height=\"400\" src=\"https:\/\/admit-one.co.uk\/wp-content\/uploads\/2023\/01\/image_f-and-b_result.webp\" alt=\"F &amp; B\" class=\"wp-image-12260\" srcset=\"https:\/\/admit-one.us\/wp-content\/uploads\/2023\/01\/image_f-and-b_result.webp 400w, https:\/\/admit-one.us\/wp-content\/uploads\/2023\/01\/image_f-and-b_result-300x300.webp 300w, https:\/\/admit-one.us\/wp-content\/uploads\/2023\/01\/image_f-and-b_result-150x150.webp 150w, https:\/\/admit-one.us\/wp-content\/uploads\/2023\/01\/image_f-and-b_result-12x12.webp 12w\" sizes=\"(max-width: 400px) 100vw, 400px\" \/><\/figure><\/div><\/div>\n<\/div>\n<\/div>\n<\/div><\/section>\n\n\n\n<section id=\"wp-block-themeisle-blocks-advanced-columns-ae98e288\" class=\"wp-block-themeisle-blocks-advanced-columns alignfull has-1-columns has-desktop-equal-layout has-tablet-equal-layout has-mobile-collapsedRows-layout has-vertical-center\"><div class=\"wp-block-themeisle-blocks-advanced-columns-overlay\"><\/div><div class=\"innerblocks-wrap\">\n<div id=\"wp-block-themeisle-blocks-advanced-column-c3813963\" class=\"wp-block-themeisle-blocks-advanced-column\" data-aos=\"fade-up\" data-aos-duration=\"1200\">\n<div class=\"is-layout-flex wp-container-12 wp-block-columns are-vertically-aligned-center\">\n<div class=\"is-layout-flow wp-block-column is-vertically-aligned-center\" style=\"flex-basis:66.66%\">\n<h4 class=\"has-text-align-left\">Digitaalinen myynti<\/h4>\n\n\n\n<p>Kaikki mit\u00e4 tarvitset varmistaaksesi, ett\u00e4 asiakkaasi voivat selata ja ostaa lippuja ja lis\u00e4tarvikkeita helposti, milloin tahansa ja kaikilla digitaalisilla kanavilla. Admit Onen avulla voit maksimoida ennakkomyynnin ulkomailla ja tarjota samalla johdonmukaisen ja saumattoman kokemuksen kaikilla ostoreiteill\u00e4. &nbsp;<\/p>\n\n\n\n<div class=\"is-content-justification-left is-layout-flex wp-container-9 wp-block-buttons\">\n<div class=\"wp-block-button is-style-primary\"><a class=\"wp-block-button__link wp-element-button\" href=\"https:\/\/admit-one.co.uk\/solutions\/digital-sales\/\">Lis\u00e4tietoja<\/a><\/div>\n<\/div>\n<\/div>\n\n\n\n<div class=\"is-layout-flow wp-block-column is-vertically-aligned-center\" style=\"flex-basis:33.33%\"><div class=\"wp-block-image\">\n<figure class=\"alignright size-full\"><img decoding=\"async\" loading=\"lazy\" width=\"400\" height=\"400\" src=\"https:\/\/admit-one.co.uk\/wp-content\/uploads\/2023\/01\/image_advanced-sales_result-1.webp\" alt=\"Digitaalinen myynti\" class=\"wp-image-12259\" srcset=\"https:\/\/admit-one.us\/wp-content\/uploads\/2023\/01\/image_advanced-sales_result-1.webp 400w, https:\/\/admit-one.us\/wp-content\/uploads\/2023\/01\/image_advanced-sales_result-1-300x300.webp 300w, https:\/\/admit-one.us\/wp-content\/uploads\/2023\/01\/image_advanced-sales_result-1-150x150.webp 150w, https:\/\/admit-one.us\/wp-content\/uploads\/2023\/01\/image_advanced-sales_result-1-12x12.webp 12w\" sizes=\"(max-width: 400px) 100vw, 400px\" \/><\/figure><\/div><\/div>\n<\/div>\n<\/div>\n<\/div><\/section>\n\n\n\n<section id=\"wp-block-themeisle-blocks-advanced-columns-67688d0d\" class=\"wp-block-themeisle-blocks-advanced-columns alignfull has-1-columns has-desktop-equal-layout has-tablet-equal-layout has-mobile-collapsedRows-layout has-vertical-center\"><div class=\"wp-block-themeisle-blocks-advanced-columns-overlay\"><\/div><div class=\"innerblocks-wrap\">\n<div id=\"wp-block-themeisle-blocks-advanced-column-b50fd76d\" class=\"wp-block-themeisle-blocks-advanced-column\" data-aos=\"fade-up\" data-aos-duration=\"1200\">\n<div class=\"is-layout-flex wp-container-16 wp-block-columns are-vertically-aligned-center\">\n<div class=\"is-layout-flow wp-block-column is-vertically-aligned-center\" style=\"flex-basis:66.66%\">\n<h4 class=\"has-text-align-left\">Takahuone<\/h4>\n\n\n\n<p>Keskushallintaj\u00e4rjestelm\u00e4si, jonka avulla voit m\u00e4\u00e4ritt\u00e4\u00e4 ja tarkastella kaikkia sivustojasi yhdess\u00e4 helppok\u00e4ytt\u00f6isess\u00e4 sovelluksessa. Suunnittele esityksi\u00e4, hallitse varastoja, suorita raportteja, m\u00e4\u00e4rit\u00e4 lippuja, hallinnoi j\u00e4sensuunnitelmia, lahjakortteja, kuponkeja ja paljon muuta\u2026 samalla kun kommunikoit vaivattomasti ty\u00f6ntekij\u00f6idesi kanssa.&nbsp;<\/p>\n\n\n\n<div class=\"is-content-justification-left is-layout-flex wp-container-13 wp-block-buttons\">\n<div class=\"wp-block-button is-style-primary\"><a class=\"wp-block-button__link wp-element-button\" href=\"https:\/\/admit-one.co.uk\/solutions\/back-office\/\">Lis\u00e4tietoja<\/a><\/div>\n<\/div>\n<\/div>\n\n\n\n<div class=\"is-layout-flow wp-block-column is-vertically-aligned-center\" style=\"flex-basis:33.33%\"><div class=\"wp-block-image\">\n<figure class=\"alignright size-full\"><img decoding=\"async\" loading=\"lazy\" width=\"400\" height=\"400\" src=\"https:\/\/admit-one.co.uk\/wp-content\/uploads\/2023\/01\/image_local-and-ho_result.webp\" alt=\"Takahuone\" class=\"wp-image-12263\" srcset=\"https:\/\/admit-one.us\/wp-content\/uploads\/2023\/01\/image_local-and-ho_result.webp 400w, https:\/\/admit-one.us\/wp-content\/uploads\/2023\/01\/image_local-and-ho_result-300x300.webp 300w, https:\/\/admit-one.us\/wp-content\/uploads\/2023\/01\/image_local-and-ho_result-150x150.webp 150w, https:\/\/admit-one.us\/wp-content\/uploads\/2023\/01\/image_local-and-ho_result-12x12.webp 12w\" sizes=\"(max-width: 400px) 100vw, 400px\" \/><\/figure><\/div><\/div>\n<\/div>\n<\/div>\n<\/div><\/section>\n\n\n\n<section id=\"wp-block-themeisle-blocks-advanced-columns-b6d42189\" class=\"wp-block-themeisle-blocks-advanced-columns alignfull has-1-columns has-desktop-equal-layout has-tablet-equal-layout has-mobile-collapsedRows-layout has-vertical-center\"><div class=\"wp-block-themeisle-blocks-advanced-columns-overlay\"><\/div><div class=\"innerblocks-wrap\">\n<div id=\"wp-block-themeisle-blocks-advanced-column-a4456cd7\" class=\"wp-block-themeisle-blocks-advanced-column\" data-aos=\"fade-up\" data-aos-duration=\"1200\">\n<div class=\"is-layout-flex wp-container-20 wp-block-columns are-vertically-aligned-center\">\n<div class=\"is-layout-flow wp-block-column is-vertically-aligned-center\" style=\"flex-basis:66.66%\">\n<h4 class=\"has-text-align-left\">Vieraskokemus<\/h4>\n\n\n\n<p>Pid\u00e4 asiakkaasi palaamassa mukautetuilla palkkio-ohjelmilla ja henkil\u00f6kohtaisilla kannustimilla, jotka on suunniteltu kasvattamaan liiketoimintaasi ja ilahduttamaan asiakkaitasi.<\/p>\n\n\n\n<div class=\"is-content-justification-left is-layout-flex wp-container-17 wp-block-buttons\">\n<div class=\"wp-block-button is-style-primary\"><a class=\"wp-block-button__link wp-element-button\" href=\"https:\/\/admit-one.co.uk\/solutions\/guest-experience\/\">Lis\u00e4tietoja<\/a><\/div>\n<\/div>\n<\/div>\n\n\n\n<div class=\"is-layout-flow wp-block-column is-vertically-aligned-center\" style=\"flex-basis:33.33%\"><div class=\"wp-block-image\">\n<figure class=\"alignright size-full\"><img decoding=\"async\" loading=\"lazy\" width=\"400\" height=\"400\" src=\"https:\/\/admit-one.co.uk\/wp-content\/uploads\/2023\/01\/image_guest-experience_result-1.webp\" alt=\"Vieraskokemus\" class=\"wp-image-12261\" srcset=\"https:\/\/admit-one.us\/wp-content\/uploads\/2023\/01\/image_guest-experience_result-1.webp 400w, https:\/\/admit-one.us\/wp-content\/uploads\/2023\/01\/image_guest-experience_result-1-300x300.webp 300w, https:\/\/admit-one.us\/wp-content\/uploads\/2023\/01\/image_guest-experience_result-1-150x150.webp 150w, https:\/\/admit-one.us\/wp-content\/uploads\/2023\/01\/image_guest-experience_result-1-12x12.webp 12w\" sizes=\"(max-width: 400px) 100vw, 400px\" \/><\/figure><\/div><\/div>\n<\/div>\n<\/div>\n<\/div><\/section>\n<\/div><\/div>\n\n\n\n<div id=\"wp-block-themeisle-blocks-advanced-columns-01c14de9\" class=\"wp-block-themeisle-blocks-advanced-columns alignfull has-2-columns has-desktop-equal-layout has-tablet-collapsedRows-layout has-mobile-collapsedRows-layout has-vertical-unset call-to-action has-dark-bg\" data-aos=\"fade\" data-aos-duration=\"1200\"><div class=\"wp-block-themeisle-blocks-advanced-columns-overlay\"><\/div><div class=\"innerblocks-wrap\">\n<div id=\"wp-block-themeisle-blocks-advanced-column-aed9b021\" class=\"wp-block-themeisle-blocks-advanced-column\">\n<h2 class=\"wp-block-heading has-nv-site-bg-color has-text-color\">Oletko valmis aloittamaan Admit Onen k\u00e4yt\u00f6n?<\/h2>\n\n\n\n<p class=\"has-nv-site-bg-color has-text-color\">Aloitetaan&nbsp;<i class=\"icon-forward\"><\/i><\/p>\n<\/div>\n\n\n\n<div id=\"wp-block-themeisle-blocks-advanced-column-01e8791e\" class=\"wp-block-themeisle-blocks-advanced-column column-right\">\n<h4 class=\"wp-block-heading has-neve-text-color-color has-text-color\">Auta meit\u00e4 ymm\u00e4rt\u00e4m\u00e4\u00e4n tarpeesi<\/h4>\n\n\n\n<p class=\"has-neve-text-color-color has-text-color\">Tied\u00e4mme, ett\u00e4 jokainen yritys on erilainen. Riippumatta ainutlaatuisista vaatimuksistasi, Admit One on t\u00e4\u00e4ll\u00e4 tarjotakseen r\u00e4\u00e4t\u00e4l\u00f6idyn myyntipistej\u00e4rjestelm\u00e4n, joka toimii sinulle joka vaiheessa.<\/p>\n\n\n\n<ul class=\"a1_tick-list has-neve-text-color-color has-text-color\">\n<li>Joustava<\/li>\n\n\n\n<li>Edullinen<\/li>\n\n\n\n<li>Skaalautuva<\/li>\n<\/ul>\n\n\n\n<div id=\"wp-block-themeisle-blocks-button-group-5e1b0e52\" class=\"wp-block-themeisle-blocks-button-group wp-block-buttons\">\n<div id=\"wp-block-themeisle-blocks-button-bdaccee1\" class=\"wp-block-themeisle-blocks-button wp-block-button is-style-primary\"><a href=\"https:\/\/admit-one.us\/fi\/ota-yhteytta\/\" target=\"_self\" rel=\"noopener noreferrer\" class=\"wp-block-button__link\"><span>Puhutaan<\/span><\/a><\/div>\n<\/div>\n<\/div>\n<\/div><\/div>","protected":false},"excerpt":{"rendered":"","protected":false},"author":1,"featured_media":0,"parent":0,"menu_order":0,"comment_status":"closed","ping_status":"closed","template":"","meta":{"om_disable_all_campaigns":false,"_uag_custom_page_level_css":"","_mi_skip_tracking":false,"neve_meta_sidebar":"","neve_meta_container":"","neve_meta_enable_content_width":"","neve_meta_content_width":0,"neve_meta_title_alignment":"center","neve_meta_author_avatar":"","neve_post_elements_order":"","neve_meta_disable_header":"","neve_meta_disable_footer":"","neve_meta_disable_title":"on","neve_meta_reading_time":"","_themeisle_gutenberg_block_has_review":false},"categories":[],"tags":[],"folder":[],"aioseo_notices":[],"uagb_featured_image_src":{"full":false,"thumbnail":false,"medium":false,"medium_large":false,"large":false,"1536x1536":false,"2048x2048":false,"trp-custom-language-flag":false,"neve-blog":false,"xl":false,"xxl":false,"xxxl":false,"xxxxl":false,"xxxxxl":false},"uagb_author_info":{"display_name":"James Gibson","author_link":"https:\/\/admit-one.us\/fi\/blog\/author\/james-gibson\/"},"uagb_comment_info":0,"uagb_excerpt":null,"_links":{"self":[{"href":"https:\/\/admit-one.us\/fi\/wp-json\/wp\/v2\/pages\/14814"}],"collection":[{"href":"https:\/\/admit-one.us\/fi\/wp-json\/wp\/v2\/pages"}],"about":[{"href":"https:\/\/admit-one.us\/fi\/wp-json\/wp\/v2\/types\/page"}],"author":[{"embeddable":true,"href":"https:\/\/admit-one.us\/fi\/wp-json\/wp\/v2\/users\/1"}],"replies":[{"embeddable":true,"href":"https:\/\/admit-one.us\/fi\/wp-json\/wp\/v2\/comments?post=14814"}],"version-history":[{"count":19,"href":"https:\/\/admit-one.us\/fi\/wp-json\/wp\/v2\/pages\/14814\/revisions"}],"predecessor-version":[{"id":15112,"href":"https:\/\/admit-one.us\/fi\/wp-json\/wp\/v2\/pages\/14814\/revisions\/15112"}],"wp:attachment":[{"href":"https:\/\/admit-one.us\/fi\/wp-json\/wp\/v2\/media?parent=14814"}],"wp:term":[{"taxonomy":"category","embeddable":true,"href":"https:\/\/admit-one.us\/fi\/wp-json\/wp\/v2\/categories?post=14814"},{"taxonomy":"post_tag","embeddable":true,"href":"https:\/\/admit-one.us\/fi\/wp-json\/wp\/v2\/tags?post=14814"},{"taxonomy":"folder","embeddable":true,"href":"https:\/\/admit-one.us\/fi\/wp-json\/wp\/v2\/folder?post=14814"}],"curies":[{"name":"wp","href":"https:\/\/api.w.org\/{rel}","templated":true}]}}